{"id":1181,"date":"2021-09-22T12:36:21","date_gmt":"2021-09-22T12:36:21","guid":{"rendered":"https:\/\/www.bioskincosmetic.com\/welcome-to-bioskin-dermolife-cosmetic\/"},"modified":"2022-10-20T12:54:16","modified_gmt":"2022-10-20T12:54:16","slug":"welcome-to-bioskin-dermolife-cosmetic","status":"publish","type":"page","link":"https:\/\/www.bioskincosmetic.com\/es\/welcome-to-bioskin-dermolife-cosmetic\/","title":{"rendered":"BIENVENIDO A BIOSKIN DERMOLIFE COSM\u00c9TICO"},"content":{"rendered":"<h4 style=\"text-align: center;\">Resultados desde el primer tratamiento.<\/h4>\n<p style=\"text-align: center;\">Ha sido nuestra filosof\u00eda desde el principio. Significa que, independientemente de c\u00f3mo elija entregar Bioskin Dermolife Cosmetic, nuestro objetivo es superar los l\u00edmites de sus expectativas de tratamiento.<\/p>\n<p style=\"text-align: center;\">En Bioskin formulamos cosm\u00e9tica profesional de vanguardia. Nuestras soluciones son utilizadas por m\u00e9dicos profesionales m\u00e9dicos est\u00e9ticos en cl\u00ednicas, salones y spa de todo el mundo.<\/p>\n","protected":false},"excerpt":{"rendered":"<p>Resultados desde el primer tratamiento. Ha sido nuestra filosof\u00eda desde el principio. Significa que, independientemente de c\u00f3mo elija entregar Bioskin Dermolife Cosmetic, nuestro objetivo es superar los l\u00edmites de sus expectativas de tratamiento. En Bioskin formulamos cosm\u00e9tica profesional de vanguardia. Nuestras soluciones son utilizadas por m\u00e9dicos profesionales m\u00e9dicos est\u00e9ticos en cl\u00ednicas, salones y spa de &hellip; <a href=\"https:\/\/www.bioskincosmetic.com\/es\/welcome-to-bioskin-dermolife-cosmetic\/\" class=\"more-link\">Continue reading<span class=\"screen-reader-text\"> \u00abBIENVENIDO A BIOSKIN DERMOLIFE COSM\u00c9TICO\u00bb<\/span><\/a><\/p>\n","protected":false},"author":3,"featured_media":1631,"parent":0,"menu_order":22,"comment_status":"closed","ping_status":"closed","template":"","meta":{"_acf_changed":false,"_monsterinsights_skip_tracking":false,"_monsterinsights_sitenote_active":false,"_monsterinsights_sitenote_note":"","_monsterinsights_sitenote_category":0,"footnotes":""},"class_list":["post-1181","page","type-page","status-publish","has-post-thumbnail","hentry"],"acf":[],"_links":{"self":[{"href":"https:\/\/www.bioskincosmetic.com\/es\/wp-json\/wp\/v2\/pages\/1181","targetHints":{"allow":["GET"]}}],"collection":[{"href":"https:\/\/www.bioskincosmetic.com\/es\/wp-json\/wp\/v2\/pages"}],"about":[{"href":"https:\/\/www.bioskincosmetic.com\/es\/wp-json\/wp\/v2\/types\/page"}],"author":[{"embeddable":true,"href":"https:\/\/www.bioskincosmetic.com\/es\/wp-json\/wp\/v2\/users\/3"}],"replies":[{"embeddable":true,"href":"https:\/\/www.bioskincosmetic.com\/es\/wp-json\/wp\/v2\/comments?post=1181"}],"version-history":[{"count":5,"href":"https:\/\/www.bioskincosmetic.com\/es\/wp-json\/wp\/v2\/pages\/1181\/revisions"}],"predecessor-version":[{"id":1623,"href":"https:\/\/www.bioskincosmetic.com\/es\/wp-json\/wp\/v2\/pages\/1181\/revisions\/1623"}],"wp:featuredmedia":[{"embeddable":true,"href":"https:\/\/www.bioskincosmetic.com\/es\/wp-json\/wp\/v2\/media\/1631"}],"wp:attachment":[{"href":"https:\/\/www.bioskincosmetic.com\/es\/wp-json\/wp\/v2\/media?parent=1181"}],"curies":[{"name":"wp","href":"https:\/\/api.w.org\/{rel}","templated":true}]}}