{"id":1168,"date":"2021-09-22T12:20:58","date_gmt":"2021-09-22T12:20:58","guid":{"rendered":"https:\/\/www.bioskincosmetic.com\/distributors\/"},"modified":"2023-09-21T12:00:55","modified_gmt":"2023-09-21T12:00:55","slug":"distributors","status":"publish","type":"page","link":"https:\/\/www.bioskincosmetic.com\/es\/distributors\/","title":{"rendered":"Distribuidores"},"content":{"rendered":"<p>Bioskin ofrece a los distribuidores una gama cada vez mayor de soluciones eficaces de tratamiento est\u00e9tico.<\/p>\n<p>Disfrutamos trabajar con nuestros distribuidores en todo el mundo porque compartimos los mismos valores de honestidad, rapidez y calidad.<\/p>\n<p>Apreciamos que nuestros distribuidores tengan negocios \u00fanicos que requieren diferentes niveles de apoyo y orientaci\u00f3n, y trabajamos en asociaci\u00f3n con ellos para lograr nuestros objetivos comunes.<\/p>\n","protected":false},"excerpt":{"rendered":"<p>Bioskin ofrece a los distribuidores una gama cada vez mayor de soluciones eficaces de tratamiento est\u00e9tico. Disfrutamos trabajar con nuestros distribuidores en todo el mundo porque compartimos los mismos valores de honestidad, rapidez y calidad. Apreciamos que nuestros distribuidores tengan negocios \u00fanicos que requieren diferentes niveles de apoyo y orientaci\u00f3n, y trabajamos en asociaci\u00f3n con &hellip; <a href=\"https:\/\/www.bioskincosmetic.com\/es\/distributors\/\" class=\"more-link\">Continue reading<span class=\"screen-reader-text\"> \u00abDistribuidores\u00bb<\/span><\/a><\/p>\n","protected":false},"author":3,"featured_media":1624,"parent":0,"menu_order":25,"comment_status":"closed","ping_status":"closed","template":"distributors.php","meta":{"_acf_changed":false,"_monsterinsights_skip_tracking":false,"_monsterinsights_sitenote_active":false,"_monsterinsights_sitenote_note":"","_monsterinsights_sitenote_category":0,"footnotes":""},"class_list":["post-1168","page","type-page","status-publish","has-post-thumbnail","hentry"],"acf":[],"_links":{"self":[{"href":"https:\/\/www.bioskincosmetic.com\/es\/wp-json\/wp\/v2\/pages\/1168","targetHints":{"allow":["GET"]}}],"collection":[{"href":"https:\/\/www.bioskincosmetic.com\/es\/wp-json\/wp\/v2\/pages"}],"about":[{"href":"https:\/\/www.bioskincosmetic.com\/es\/wp-json\/wp\/v2\/types\/page"}],"author":[{"embeddable":true,"href":"https:\/\/www.bioskincosmetic.com\/es\/wp-json\/wp\/v2\/users\/3"}],"replies":[{"embeddable":true,"href":"https:\/\/www.bioskincosmetic.com\/es\/wp-json\/wp\/v2\/comments?post=1168"}],"version-history":[{"count":2,"href":"https:\/\/www.bioskincosmetic.com\/es\/wp-json\/wp\/v2\/pages\/1168\/revisions"}],"predecessor-version":[{"id":1205,"href":"https:\/\/www.bioskincosmetic.com\/es\/wp-json\/wp\/v2\/pages\/1168\/revisions\/1205"}],"wp:featuredmedia":[{"embeddable":true,"href":"https:\/\/www.bioskincosmetic.com\/es\/wp-json\/wp\/v2\/media\/1624"}],"wp:attachment":[{"href":"https:\/\/www.bioskincosmetic.com\/es\/wp-json\/wp\/v2\/media?parent=1168"}],"curies":[{"name":"wp","href":"https:\/\/api.w.org\/{rel}","templated":true}]}}