{"id":1103,"date":"2021-05-19T14:29:05","date_gmt":"2021-05-19T14:29:05","guid":{"rendered":"https:\/\/www.bioskincosmetic.com\/sobre-nosotros\/"},"modified":"2025-09-01T14:29:39","modified_gmt":"2025-09-01T12:29:39","slug":"sobre-nosotros","status":"publish","type":"page","link":"https:\/\/www.bioskincosmetic.com\/es\/sobre-nosotros\/","title":{"rendered":"Sobre nosotros"},"content":{"rendered":"<h4><img fetchpriority=\"high\" decoding=\"async\" class=\"wp-image-4297 aligncenter\" src=\"https:\/\/www.bioskincosmetic.com\/wp-content\/uploads\/2025\/02\/Captura-de-pantalla-2025-02-03-a-las-14.30.23-1024x573.png\" alt=\"\" width=\"1006\" height=\"563\" srcset=\"https:\/\/www.bioskincosmetic.com\/wp-content\/uploads\/2025\/02\/Captura-de-pantalla-2025-02-03-a-las-14.30.23-1024x573.png 1024w, https:\/\/www.bioskincosmetic.com\/wp-content\/uploads\/2025\/02\/Captura-de-pantalla-2025-02-03-a-las-14.30.23-300x168.png 300w, https:\/\/www.bioskincosmetic.com\/wp-content\/uploads\/2025\/02\/Captura-de-pantalla-2025-02-03-a-las-14.30.23-768x430.png 768w, https:\/\/www.bioskincosmetic.com\/wp-content\/uploads\/2025\/02\/Captura-de-pantalla-2025-02-03-a-las-14.30.23-1536x860.png 1536w, https:\/\/www.bioskincosmetic.com\/wp-content\/uploads\/2025\/02\/Captura-de-pantalla-2025-02-03-a-las-14.30.23-2048x1147.png 2048w, https:\/\/www.bioskincosmetic.com\/wp-content\/uploads\/2025\/02\/Captura-de-pantalla-2025-02-03-a-las-14.30.23-1200x672.png 1200w, https:\/\/www.bioskincosmetic.com\/wp-content\/uploads\/2025\/02\/Captura-de-pantalla-2025-02-03-a-las-14.30.23-600x336.png 600w\" sizes=\"(max-width: 709px) 85vw, (max-width: 909px) 67vw, (max-width: 1362px) 62vw, 840px\" \/><\/h4>\n<h4 style=\"text-align: center;\">BIOSKIN DERMOLIFE COSMETIC<\/h4>\n<p style=\"text-align: center;\">Bioskin Dermolife Cosmetic es un fabricante y marca l\u00edder en Espa\u00f1a de cosmec\u00e9uticos, pre y postratamiento y peelings utilizados por profesionales y uso dom\u00e9stico.<\/p>\n<p style=\"text-align: center;\">La industria est\u00e9tica global est\u00e1 cambiando r\u00e1pidamente. Los clientes requieren tratamientos seguros y eficaces y, al mismo tiempo, la competencia econ\u00f3mica crece y los profesionales demandan cada vez m\u00e1s soluciones rentables para abordar las necesidades de belleza est\u00e9tica.<\/p>\n<p style=\"text-align: center;\">Las soluciones Bioskin Dermolife Cosmetic est\u00e1n en demanda debido a su amplia gama de aplicaciones en la est\u00e9tica profesional.<\/p>\n","protected":false},"excerpt":{"rendered":"<p>BIOSKIN DERMOLIFE COSMETIC Bioskin Dermolife Cosmetic es un fabricante y marca l\u00edder en Espa\u00f1a de cosmec\u00e9uticos, pre y postratamiento y peelings utilizados por profesionales y uso dom\u00e9stico. La industria est\u00e9tica global est\u00e1 cambiando r\u00e1pidamente. Los clientes requieren tratamientos seguros y eficaces y, al mismo tiempo, la competencia econ\u00f3mica crece y los profesionales demandan cada vez &hellip; <a href=\"https:\/\/www.bioskincosmetic.com\/es\/sobre-nosotros\/\" class=\"more-link\">Continue reading<span class=\"screen-reader-text\"> \u00abSobre nosotros\u00bb<\/span><\/a><\/p>\n","protected":false},"author":3,"featured_media":0,"parent":0,"menu_order":28,"comment_status":"closed","ping_status":"closed","template":"","meta":{"_acf_changed":false,"_monsterinsights_skip_tracking":false,"_monsterinsights_sitenote_active":false,"_monsterinsights_sitenote_note":"","_monsterinsights_sitenote_category":0,"footnotes":""},"class_list":["post-1103","page","type-page","status-publish","hentry"],"acf":[],"_links":{"self":[{"href":"https:\/\/www.bioskincosmetic.com\/es\/wp-json\/wp\/v2\/pages\/1103","targetHints":{"allow":["GET"]}}],"collection":[{"href":"https:\/\/www.bioskincosmetic.com\/es\/wp-json\/wp\/v2\/pages"}],"about":[{"href":"https:\/\/www.bioskincosmetic.com\/es\/wp-json\/wp\/v2\/types\/page"}],"author":[{"embeddable":true,"href":"https:\/\/www.bioskincosmetic.com\/es\/wp-json\/wp\/v2\/users\/3"}],"replies":[{"embeddable":true,"href":"https:\/\/www.bioskincosmetic.com\/es\/wp-json\/wp\/v2\/comments?post=1103"}],"version-history":[{"count":7,"href":"https:\/\/www.bioskincosmetic.com\/es\/wp-json\/wp\/v2\/pages\/1103\/revisions"}],"predecessor-version":[{"id":5311,"href":"https:\/\/www.bioskincosmetic.com\/es\/wp-json\/wp\/v2\/pages\/1103\/revisions\/5311"}],"wp:attachment":[{"href":"https:\/\/www.bioskincosmetic.com\/es\/wp-json\/wp\/v2\/media?parent=1103"}],"curies":[{"name":"wp","href":"https:\/\/api.w.org\/{rel}","templated":true}]}}